{"id":10435,"date":"2023-05-24T04:58:13","date_gmt":"2023-05-24T04:58:13","guid":{"rendered":"https:\/\/ufoart.gallery\/?page_id=10435"},"modified":"2025-05-22T18:19:05","modified_gmt":"2025-05-22T18:19:05","slug":"polityka-prywatnosci","status":"publish","type":"page","link":"https:\/\/ufoart.gallery\/pl\/polityka-prywatnosci\/","title":{"rendered":"Polityka prywatno\u015bci"},"content":{"rendered":"<p><strong>Polityk\u0105 prywatno\u015bci<\/strong><\/p>\n\n\n\n<p>Witamy w Galerii Sztuki UFO!\nDzi\u0119kujemy za zainteresowanie naszymi wystawami i cenimy prywatno\u015b\u0107 naszych go\u015bci.\nAby chroni\u0107 Twoje dane osobowe, przygotowali\u015bmy niniejsz\u0105 Polityk\u0119 Prywatno\u015bci, kt\u00f3ra wyja\u015bnia, w jaki spos\u00f3b je zbieramy, wykorzystujemy i zabezpieczamy.<\/p>\n\n\n\n<p>Niniejsza Polityka Prywatno\u015bci okre\u015bla zasady przetwarzania Twoich danych, w tym danych osobowych oraz plik\u00f3w cookies.<\/p>\n\n\n\n<h3 class=\"wp-block-heading\">1. Informacje og\u00f3lne<\/h3>\n\n\n\n<p>This policy applies to the website operating at the URL: <a class=\"\" href=\"http:\/\/ufoart.gallery\/pl\/\">ufoart.gallery<\/a><br>Operatorem strony oraz Administratorem danych osobowych jest:<br><strong>Maria Ciborowska<\/strong>,Krakowska 13, 31-062 Krak\u00f3w, Polska<br>Adres e-mail kontaktowy: <strong><a>contact@ufoart.gallery<\/a><\/strong><\/p>\n\n\n\n<p>NIP: 7343227103&nbsp;REGON:120669240<\/p>\n\n\n\n<p>The Operator is the Data Controller in relation to the data you voluntarily provide on the website.<br>Strona internetowa wykorzystuje dane osobowe w nast\u0119puj\u0105cych celach:<\/p>\n\n\n\n<ul>\n<li>Managing a newsletter<\/li>\n\n\n\n<li>Obs\u0142uga zapyta\u0144 za po\u015brednictwem formularza kontaktowego<\/li>\n\n\n\n<li>Realizacja zam\u00f3wionych us\u0142ug<\/li>\n\n\n\n<li>Presenting offers or information<\/li>\n<\/ul>\n\n\n\n<p>Strona internetowa gromadzi informacje o u\u017cytkownikach i ich zachowaniu za po\u015brednictwem:<\/p>\n\n\n\n<ul>\n<li>Voluntarily entered data in forms, which are stored in the Operator\u2019s systems<\/li>\n\n\n\n<li>Cookies saved on the user\u2019s end device<\/li>\n<\/ul>\n\n\n\n<h3 class=\"wp-block-heading\">2. Selected Data Protection Measures Used by the Operator<\/h3>\n\n\n\n<p>Login areas and places where personal data is entered are protected by SSL encryption. This ensures that the data is encrypted on the user\u2019s computer and can be read only on the destination server.<\/p>\n\n\n\n<h3 class=\"wp-block-heading\">3. Hosting<\/h3>\n\n\n\n<p>The site is hosted on servers provided by <strong>home.pl<\/strong>.<\/p>\n\n\n\n<h3 class=\"wp-block-heading\">4. Your Rights and Additional Information on Data Usage<\/h3>\n\n\n\n<p>In certain situations, the Administrator may transfer your personal data to third parties if it is necessary to fulfill the contract with you or comply with legal obligations. This includes:<\/p>\n\n\n\n<ul>\n<li>Hosting service providers (based on entrustment agreements)<\/li>\n\n\n\n<li>Authorized employees and associates who use the data to operate the website<\/li>\n\n\n\n<li>Firm \u015bwiadcz\u0105cych us\u0142ugi marketingowe na rzecz Administratora.<\/li>\n<\/ul>\n\n\n\n<p>Your data will not be processed longer than necessary. Marketing data will not be kept for more than 3 years.<br>Przys\u0142uguj\u0105 Ci nast\u0119puj\u0105ce prawa:<\/p>\n\n\n\n<ul>\n<li>Dost\u0119p do swoich danych osobowych<\/li>\n\n\n\n<li>Rectify, delete, or limit processing of your data<\/li>\n\n\n\n<li>Przenoszenie danych<\/li>\n\n\n\n<li>Object to processing based on legitimate interests, including profiling (unless legally overriding interests exist)<\/li>\n<\/ul>\n\n\n\n<p>You have the right to file a complaint to the <strong>Prezesa Urz\u0119du Ochrony Danych Osobowych (UODO)<\/strong>:<br>ul. Stawki 2, 00-193 Warsaw, Poland.<\/p>\n\n\n\n<p>Providing personal data is voluntary but necessary to use the website.<br>Automated decisions, including profiling, may be applied to you to provide services or conduct direct marketing.<br>Twoje dane <strong>nie s\u0105 transferowane poza Uni\u0119 Europejsk\u0105<\/strong>.<\/p>\n\n\n\n<h3 class=\"wp-block-heading\">5. Information in Forms<\/h3>\n\n\n\n<p>The site collects information provided voluntarily by the user, including personal data.<br>Strona mo\u017ce rejestrowa\u0107 parametry po\u0142\u0105czenia (znacznik czasu, adres IP).<br>In some cases, the site may save data linking form content with the user\u2019s email address.<br>Data is processed for the specific purpose described in the form context (e.g., service request, registration, commercial contact).<\/p>\n\n\n\n<h3 class=\"wp-block-heading\">6. Logi Administratora<\/h3>\n\n\n\n<p>User behavior data on the site may be logged and used for website administration.<\/p>\n\n\n\n<h3 class=\"wp-block-heading\">7. Kluczowe technologie marketingowe<\/h3>\n\n\n\n<p>Operator wykorzystuje nast\u0119puj\u0105ce technologie:<\/p>\n\n\n\n<ul>\n<li><strong>Google Analytics<\/strong>\u2013 do analizy ruchu na stronie (wykorzystuje wy\u0142\u0105cznie dane zanonimizowane).<br>Manage ad preferences: <a class=\"\" href=\"https:\/\/www.google.com\/ads\/preferences\/\">https:\/\/www.google.com\/ads\/preferences\/<\/a><\/li>\n\n\n\n<li><strong>Remarketing<\/strong>: adapts ads based on user behavior using cookies. No personal data is shared with ad operators.<\/li>\n\n\n\n<li><strong>Facebook Pixel<\/strong>: allows Facebook to detect user activity on the website. No personal data is shared with Facebook.<\/li>\n\n\n\n<li><strong>Mapy ciep\u0142a i nagrania sesji<\/strong>: to understand user behavior (no personal data or passwords are recorded).<\/li>\n\n\n\n<li><strong>Mailigni automatyczne<\/strong>: for users who visited specific pages and consented to marketing.<\/li>\n<\/ul>\n\n\n\n<h3 class=\"wp-block-heading\">8. Informacje o plikach cookies<\/h3>\n\n\n\n<p>Ta strona internetowa korzysta z plik\u00f3w cookies.<br>Cookies are small text files stored on the user\u2019s device to support website functionality.<br>Pliki cookies s\u0105 wykorzystywane w celu:<\/p>\n\n\n\n<ul>\n<li>Utrzymania stanu sesji po zalogowaniu<\/li>\n\n\n\n<li>Wsparcia wymienionych wy\u017cej technologii marketingowych<\/li>\n<\/ul>\n\n\n\n<p>Rodzaje wykorzystywanych plik\u00f3w cookies:<\/p>\n\n\n\n<ul>\n<li><strong>Cookies sesyjne<\/strong>\u2013 tymczasowe, wygasaj\u0105 po zamkni\u0119ciu przegl\u0105darki<\/li>\n\n\n\n<li><strong>Cookies trwa\u0142e<\/strong>: stored until deleted or expired<\/li>\n<\/ul>\n\n\n\n<p>You can change your browser settings to manage or block cookies.<br>Uwaga: Wy\u0142\u0105czenie niezb\u0119dnych plik\u00f3w cookies mo\u017ce wp\u0142yn\u0105\u0107 na funkcjonowanie strony internetowej.<\/p>\n\n\n\n<p>Cookies may also be used by external services such as:<\/p>\n\n\n\n<ul>\n<li><strong>Google Inc.<\/strong><\/li>\n\n\n\n<li><strong>Facebook Inc.<\/strong><\/li>\n\n\n\n<li><strong>Twitter Inc.<\/strong><\/li>\n<\/ul>\n\n\n\n<h3 class=\"wp-block-heading\">9. Managing Cookies \u2013 How to Give or Withdraw Consent<\/h3>\n\n\n\n<p>To manage cookies, adjust your browser settings.<br>Note: Disabling essential cookies may impair site usability.<\/p>\n\n\n\n<p>Instructions by browser:<\/p>\n\n\n\n<ul>\n<li><a href=\"https:\/\/support.microsoft.com\/pl-pl\/help\/4027947\/microsoft-edge-delete-cookies\">Edge<\/a><\/li>\n\n\n\n<li><a href=\"https:\/\/support.microsoft.com\/pl-pl\/help\/17442\/windows-internet-explorer-delete-manage-cookies\" data-type=\"link\" data-id=\"https:\/\/support.microsoft.com\/pl-pl\/help\/17442\/windows-internet-explorer-delete-manage-cookies\">Internet Explorer<\/a><\/li>\n\n\n\n<li><a href=\"https:\/\/support.google.com\/chrome\/answer\/95647?hl=pl\">Chrome<\/a><\/li>\n\n\n\n<li><a href=\"https:\/\/support.apple.com\/pl-pl\/guide\/safari\/sfri11471\/mac\" data-type=\"link\" data-id=\"https:\/\/support.apple.com\/pl-pl\/guide\/safari\/sfri11471\/mac\">Safari<\/a><\/li>\n\n\n\n<li><a href=\"https:\/\/support.mozilla.org\/pl\/kb\/usuwanie-ciasteczek\" data-type=\"link\" data-id=\"https:\/\/support.mozilla.org\/pl\/kb\/usuwanie-ciasteczek\">Firefox<\/a><\/li>\n\n\n\n<li><a href=\"https:\/\/help.opera.com\/pl\/latest\/web-preferences\/#cookies\" data-type=\"link\" data-id=\"https:\/\/help.opera.com\/pl\/latest\/web-preferences\/#cookies\">Opera<\/a><\/li>\n<\/ul>\n\n\n\n<p>Instrukcje dla urz\u0105dze\u0144 mobilnych:<\/p>\n\n\n\n<ul>\n<li><a href=\"https:\/\/support.google.com\/chrome\/answer\/95647?hl=pl&amp;co=GENIE.Platform%3DAndroid\">Android<\/a><\/li>\n\n\n\n<li><a href=\"https:\/\/support.apple.com\/pl-pl\/HT201265\">Safari (iOS)<\/a><\/li>\n\n\n\n<li><a href=\"https:\/\/support.microsoft.com\/pl-pl\/help\/11696\/windows-phone-7\">Windows Phone<\/a><\/li>\n<\/ul>","protected":false},"excerpt":{"rendered":"<p>Privacy Policy Welcome to UFO Art Gallery! We appreciate your interest in our exhibitions and value the privacy of our visitors. To protect your personal data, we have prepared this Privacy Policy to explain how we collect, use, and protect your information. This Privacy Policy outlines the rules for processing your information, including personal data [&hellip;]<\/p>","protected":false},"author":9,"featured_media":0,"parent":0,"menu_order":0,"comment_status":"closed","ping_status":"closed","template":"","meta":{"_acf_changed":false,"footnotes":""},"ppma_author":[198],"acf":[],"_links":{"self":[{"href":"https:\/\/ufoart.gallery\/pl\/wp-json\/wp\/v2\/pages\/10435"}],"collection":[{"href":"https:\/\/ufoart.gallery\/pl\/wp-json\/wp\/v2\/pages"}],"about":[{"href":"https:\/\/ufoart.gallery\/pl\/wp-json\/wp\/v2\/types\/page"}],"author":[{"embeddable":true,"href":"https:\/\/ufoart.gallery\/pl\/wp-json\/wp\/v2\/users\/9"}],"replies":[{"embeddable":true,"href":"https:\/\/ufoart.gallery\/pl\/wp-json\/wp\/v2\/comments?post=10435"}],"version-history":[{"count":8,"href":"https:\/\/ufoart.gallery\/pl\/wp-json\/wp\/v2\/pages\/10435\/revisions"}],"predecessor-version":[{"id":17128,"href":"https:\/\/ufoart.gallery\/pl\/wp-json\/wp\/v2\/pages\/10435\/revisions\/17128"}],"wp:attachment":[{"href":"https:\/\/ufoart.gallery\/pl\/wp-json\/wp\/v2\/media?parent=10435"}],"wp:term":[{"taxonomy":"author","embeddable":true,"href":"https:\/\/ufoart.gallery\/pl\/wp-json\/wp\/v2\/ppma_author?post=10435"}],"curies":[{"name":"wp","href":"https:\/\/api.w.org\/{rel}","templated":true}]}}