{"id":7496,"date":"2023-03-25T13:19:56","date_gmt":"2023-03-25T13:19:56","guid":{"rendered":"https:\/\/ufoart.gallery\/?page_id=7496"},"modified":"2025-02-10T21:59:56","modified_gmt":"2025-02-10T21:59:56","slug":"artists","status":"publish","type":"page","link":"https:\/\/ufoart.gallery\/pl\/artists\/","title":{"rendered":"arty\u015bci"},"content":{"rendered":"<div data-elementor-type=\"wp-page\" data-elementor-id=\"7496\" class=\"elementor elementor-7496\" data-elementor-post-type=\"page\">\n\t\t\t\t<div class=\"elementor-element elementor-element-82a5f8d e-flex e-con-boxed e-con e-parent\" data-id=\"82a5f8d\" data-element_type=\"container\" data-core-v316-plus=\"true\">\n\t\t\t\t\t<div class=\"e-con-inner\">\n\t\t\t\t<div class=\"elementor-element elementor-element-a54c8c6 elementor-widget__width-auto elementor-widget elementor-widget-heading\" data-id=\"a54c8c6\" data-element_type=\"widget\" data-widget_type=\"heading.default\">\n\t\t\t\t<div class=\"elementor-widget-container\">\n\t\t\t<style>\/*! elementor - v3.20.0 - 10-04-2024 *\/\n.elementor-heading-title{padding:0;margin:0;line-height:1}.elementor-widget-heading .elementor-heading-title[class*=elementor-size-]>a{color:inherit;font-size:inherit;line-height:inherit}.elementor-widget-heading .elementor-heading-title.elementor-size-small{font-size:15px}.elementor-widget-heading .elementor-heading-title.elementor-size-medium{font-size:19px}.elementor-widget-heading .elementor-heading-title.elementor-size-large{font-size:29px}.elementor-widget-heading .elementor-heading-title.elementor-size-xl{font-size:39px}.elementor-widget-heading .elementor-heading-title.elementor-size-xxl{font-size:59px}<\/style><p class=\"elementor-heading-title elementor-size-default\">arty\u015bci<\/p>\t\t<\/div>\n\t\t\t\t<\/div>\n\t\t\t\t\t<\/div>\n\t\t\t\t<\/div>\n\t\t<div class=\"elementor-element elementor-element-7df67af e-flex e-con-boxed e-con e-parent\" data-id=\"7df67af\" data-element_type=\"container\" data-core-v316-plus=\"true\">\n\t\t\t\t\t<div class=\"e-con-inner\">\n\t\t<div class=\"elementor-element elementor-element-9fef77c e-con-full animated-slow e-flex elementor-invisible e-con e-child\" data-id=\"9fef77c\" data-element_type=\"container\" data-settings=\"{&quot;animation&quot;:&quot;fadeInUp&quot;,&quot;animation_delay&quot;:500}\">\n\t\t<div class=\"elementor-element elementor-element-84be143 e-con-full e-flex e-con e-child\" data-id=\"84be143\" data-element_type=\"container\">\n\t\t\t\t<div class=\"elementor-element elementor-element-4a37624 wyroznik elementor-widget__width-auto elementor-widget elementor-widget-heading\" data-id=\"4a37624\" data-element_type=\"widget\" data-widget_type=\"heading.default\">\n\t\t\t\t<div class=\"elementor-widget-container\">\n\t\t\t<p class=\"elementor-heading-title elementor-size-default\"><a href=\"https:\/\/ufoart.gallery\/pl\/author\/josefina-alanko\/\">J\u00f3sefina Alanko<\/a><\/p>\t\t<\/div>\n\t\t\t\t<\/div>\n\t\t\t\t<\/div>\n\t\t<div class=\"elementor-element elementor-element-d3d3233 e-con-full e-flex e-con e-child\" data-id=\"d3d3233\" data-element_type=\"container\">\n\t\t\t\t<div class=\"elementor-element elementor-element-8a238e7 wyroznik elementor-widget__width-auto elementor-widget elementor-widget-heading\" data-id=\"8a238e7\" data-element_type=\"widget\" data-widget_type=\"heading.default\">\n\t\t\t\t<div class=\"elementor-widget-container\">\n\t\t\t<p class=\"elementor-heading-title elementor-size-default\"><a href=\"https:\/\/ufoart.gallery\/pl\/author\/michael-biber\/\">Michael Biber<\/a><\/p>\t\t<\/div>\n\t\t\t\t<\/div>\n\t\t\t\t<\/div>\n\t\t<div class=\"elementor-element elementor-element-6a01516 e-con-full e-flex e-con e-child\" data-id=\"6a01516\" data-element_type=\"container\">\n\t\t\t\t<div class=\"elementor-element elementor-element-8b26b73 wyroznik elementor-widget__width-auto elementor-widget elementor-widget-heading\" data-id=\"8b26b73\" data-element_type=\"widget\" data-widget_type=\"heading.default\">\n\t\t\t\t<div class=\"elementor-widget-container\">\n\t\t\t<p class=\"elementor-heading-title elementor-size-default\"><a href=\"https:\/\/ufoart.gallery\/pl\/author\/maria-ciborowska\/\">Maria Ciborowska\n<\/a><\/p>\t\t<\/div>\n\t\t\t\t<\/div>\n\t\t\t\t<\/div>\n\t\t<div class=\"elementor-element elementor-element-2175810 e-con-full e-flex e-con e-child\" data-id=\"2175810\" data-element_type=\"container\">\n\t\t\t\t<div class=\"elementor-element elementor-element-eb0b685 wyroznik elementor-widget__width-auto elementor-widget elementor-widget-heading\" data-id=\"eb0b685\" data-element_type=\"widget\" data-widget_type=\"heading.default\">\n\t\t\t\t<div class=\"elementor-widget-container\">\n\t\t\t<p class=\"elementor-heading-title elementor-size-default\"><a href=\"https:\/\/ufoart.gallery\/pl\/author\/marcin-dymek\/\">Marcin Dymek\n<\/a><\/p>\t\t<\/div>\n\t\t\t\t<\/div>\n\t\t\t\t<\/div>\n\t\t<div class=\"elementor-element elementor-element-f043075 e-con-full e-flex e-con e-child\" data-id=\"f043075\" data-element_type=\"container\">\n\t\t\t\t<div class=\"elementor-element elementor-element-5f3de3e wyroznik elementor-widget__width-auto elementor-widget elementor-widget-heading\" data-id=\"5f3de3e\" data-element_type=\"widget\" data-widget_type=\"heading.default\">\n\t\t\t\t<div class=\"elementor-widget-container\">\n\t\t\t<p class=\"elementor-heading-title elementor-size-default\"><a href=\"https:\/\/ufoart.gallery\/pl\/author\/radim-koros\/\">Radim Koros<\/a><\/p>\t\t<\/div>\n\t\t\t\t<\/div>\n\t\t\t\t<\/div>\n\t\t<div class=\"elementor-element elementor-element-15ba95f e-con-full e-flex e-con e-child\" data-id=\"15ba95f\" data-element_type=\"container\">\n\t\t\t\t<div class=\"elementor-element elementor-element-d714681 wyroznik elementor-widget__width-auto elementor-widget elementor-widget-heading\" data-id=\"d714681\" data-element_type=\"widget\" data-widget_type=\"heading.default\">\n\t\t\t\t<div class=\"elementor-widget-container\">\n\t\t\t<p class=\"elementor-heading-title elementor-size-default\"><a href=\"https:\/\/ufoart.gallery\/pl\/author\/samuel-kloda\/\">Samuel K\u0142oda<\/a><\/p>\t\t<\/div>\n\t\t\t\t<\/div>\n\t\t\t\t<\/div>\n\t\t<div class=\"elementor-element elementor-element-3457397 e-con-full e-flex e-con e-child\" data-id=\"3457397\" data-element_type=\"container\">\n\t\t\t\t<div class=\"elementor-element elementor-element-04bef14 wyroznik elementor-widget__width-auto elementor-widget elementor-widget-heading\" data-id=\"04bef14\" data-element_type=\"widget\" data-widget_type=\"heading.default\">\n\t\t\t\t<div class=\"elementor-widget-container\">\n\t\t\t<p class=\"elementor-heading-title elementor-size-default\"><a href=\"https:\/\/ufoart.gallery\/pl\/author\/bogumil-ksiazek\/\">Bogumi\u0142 Ksi\u0105\u017cek\n<\/a><\/p>\t\t<\/div>\n\t\t\t\t<\/div>\n\t\t\t\t<\/div>\n\t\t<div class=\"elementor-element elementor-element-5d95a53 e-con-full e-flex e-con e-child\" data-id=\"5d95a53\" data-element_type=\"container\">\n\t\t\t\t<div class=\"elementor-element elementor-element-df06e81 wyroznik elementor-widget__width-auto elementor-widget elementor-widget-heading\" data-id=\"df06e81\" data-element_type=\"widget\" data-widget_type=\"heading.default\">\n\t\t\t\t<div class=\"elementor-widget-container\">\n\t\t\t<p class=\"elementor-heading-title elementor-size-default\"><a href=\"https:\/\/ufoart.gallery\/pl\/author\/maciej-pecak\/\">Maciej P\u0119cak<\/a><\/p>\t\t<\/div>\n\t\t\t\t<\/div>\n\t\t\t\t<\/div>\n\t\t<div class=\"elementor-element elementor-element-aac0e18 e-con-full e-flex e-con e-child\" data-id=\"aac0e18\" data-element_type=\"container\">\n\t\t\t\t<div class=\"elementor-element elementor-element-f63f851 wyroznik elementor-widget__width-auto elementor-widget elementor-widget-heading\" data-id=\"f63f851\" data-element_type=\"widget\" data-widget_type=\"heading.default\">\n\t\t\t\t<div class=\"elementor-widget-container\">\n\t\t\t<p class=\"elementor-heading-title elementor-size-default\"><a href=\"https:\/\/ufoart.gallery\/pl\/author\/zuzanna-szary\/\">Zuzanna Szary<\/a><\/p>\t\t<\/div>\n\t\t\t\t<\/div>\n\t\t\t\t<\/div>\n\t\t<div class=\"elementor-element elementor-element-b982e36 e-con-full e-flex e-con e-child\" data-id=\"b982e36\" data-element_type=\"container\">\n\t\t\t\t<div class=\"elementor-element elementor-element-7fa2e67 wyroznik elementor-widget__width-auto elementor-widget elementor-widget-heading\" data-id=\"7fa2e67\" data-element_type=\"widget\" data-widget_type=\"heading.default\">\n\t\t\t\t<div class=\"elementor-widget-container\">\n\t\t\t<p class=\"elementor-heading-title elementor-size-default\"><a href=\"https:\/\/ufoart.gallery\/pl\/author\/agnieszka-szostek\/\">Agnieszka Szostek\n\n\n\n<\/a><\/p>\t\t<\/div>\n\t\t\t\t<\/div>\n\t\t\t\t<\/div>\n\t\t\t\t<\/div>\n\t\t\t\t\t<\/div>\n\t\t\t\t<\/div>\n\t\t<div class=\"elementor-element elementor-element-bfaa2ac e-flex e-con-boxed e-con e-parent\" data-id=\"bfaa2ac\" data-element_type=\"container\" data-core-v316-plus=\"true\">\n\t\t\t\t\t<div class=\"e-con-inner\">\n\t\t\t\t\t<\/div>\n\t\t\t\t<\/div>\n\t\t\t\t<\/div>","protected":false},"excerpt":{"rendered":"<p>Artists J\u00f3sefina Alanko Michael Biber Maria Ciborowska Marcin Dymek Radim Koros Samuel K\u0142oda Bogumi\u0142 Ksi\u0105\u017cek Maciej P\u0119cak Zuzanna Szary Agnieszka Szostek<\/p>","protected":false},"author":9,"featured_media":0,"parent":0,"menu_order":0,"comment_status":"closed","ping_status":"closed","template":"","meta":{"_acf_changed":false,"footnotes":""},"ppma_author":[198],"acf":[],"_links":{"self":[{"href":"https:\/\/ufoart.gallery\/pl\/wp-json\/wp\/v2\/pages\/7496"}],"collection":[{"href":"https:\/\/ufoart.gallery\/pl\/wp-json\/wp\/v2\/pages"}],"about":[{"href":"https:\/\/ufoart.gallery\/pl\/wp-json\/wp\/v2\/types\/page"}],"author":[{"embeddable":true,"href":"https:\/\/ufoart.gallery\/pl\/wp-json\/wp\/v2\/users\/9"}],"replies":[{"embeddable":true,"href":"https:\/\/ufoart.gallery\/pl\/wp-json\/wp\/v2\/comments?post=7496"}],"version-history":[{"count":265,"href":"https:\/\/ufoart.gallery\/pl\/wp-json\/wp\/v2\/pages\/7496\/revisions"}],"predecessor-version":[{"id":16751,"href":"https:\/\/ufoart.gallery\/pl\/wp-json\/wp\/v2\/pages\/7496\/revisions\/16751"}],"wp:attachment":[{"href":"https:\/\/ufoart.gallery\/pl\/wp-json\/wp\/v2\/media?parent=7496"}],"wp:term":[{"taxonomy":"author","embeddable":true,"href":"https:\/\/ufoart.gallery\/pl\/wp-json\/wp\/v2\/ppma_author?post=7496"}],"curies":[{"name":"wp","href":"https:\/\/api.w.org\/{rel}","templated":true}]}}